{"id":3,"date":"2020-03-01T11:44:09","date_gmt":"2020-03-01T11:44:09","guid":{"rendered":"https:\/\/www.karvari.fi\/?page_id=3"},"modified":"2020-12-18T23:33:40","modified_gmt":"2020-12-18T23:33:40","slug":"privacy-policy","status":"publish","type":"page","link":"https:\/\/www.karvari.fi\/?page_id=3","title":{"rendered":"Privacy Policy"},"content":{"rendered":"<p><!--StartFragment--><\/p>\n\n\n<h2 class=\"wp-block-heading\">Keit\u00e4 olemme<\/h2>\n\n\n\n<p>Tervakosken parturi-kampaamo Karvari<br>Anne,  puh.  019-766 370 <br>Y-tunnus: 1126966-2<br>Verkkosivustomme osoite on: https:\/\/www.karvari.fi<\/p>\n\n\n\n<h2 class=\"wp-block-heading\">Mit\u00e4 henkil\u00f6tietoa ker\u00e4\u00e4mme ja miksi<\/h2>\n\n\n\n<p>Asiakassuhteen solmimiseksi ja yll\u00e4pit\u00e4miseksi asiakkaasta tallennetaan seuraavat tiedot: henkil\u00f6n etu- ja sukunimi, puhelinnumero ja tiedot tilatusta\/tehdyst\u00e4 ty\u00f6st\u00e4. <br>Henkil\u00f6tietojen k\u00e4sittelyn tarkoitus: asiakastietojen ja -suhteiden yll\u00e4pito, sek\u00e4 asiakkaiden tilausten ja tehtyjen t\u00f6iden k\u00e4sittely ja arkistointi. <br>Tietoja voidaan k\u00e4ytt\u00e4\u00e4 my\u00f6s kohdennetun sis\u00e4ll\u00f6n ja mainonnan tuottamiseen ja tilastollisiin tarkoituksiin.<\/p>\n\n\n\n<h2 class=\"wp-block-heading\">Kenelle jaamme tietosi<\/h2>\n\n\n\n<p>Asiakkaan tietoja ei luovuteta kolmansille osapuolille muutoin kuin viranomaisen m\u00e4\u00e4r\u00e4yksest\u00e4. Alaik\u00e4isten asiakkaiden tiedot voidaan luovuttaa asiakkaan huoltajille.<\/p>\n\n\n\n<h2 class=\"wp-block-heading\">Kuinka kauan ja miten s\u00e4ilyt\u00e4mme tietoa<\/h2>\n\n\n\n<p>Asiakkaan tiedot ovat luottamuksellisia. Asiakastiedot s\u00e4ilytet\u00e4\u00e4n manuaalisina versioina lukitussa kaapissa. Asiakkailta ker\u00e4t\u00e4\u00e4n vain asiakassuhteen solmimista edellytt\u00e4v\u00e4 minimim\u00e4\u00e4r\u00e4 tietoa. <br>Asiakastietoja s\u00e4ilytet\u00e4\u00e4n asiakassuhteen ajan tai enint\u00e4\u00e4n viisi vuotta, jonka j\u00e4lkeen asiakastietolomakkeet tuhotaan asianmukaisesti silputtuna h\u00e4vitt\u00e4en.<\/p>\n\n\n\n<h2 class=\"wp-block-heading\">Mit\u00e4 oikeuksia sinulla on omaan tietoosi<\/h2>\n\n\n\n<p>Asiakkaalla on oikeus tarkastaa h\u00e4nt\u00e4 koskevat tallennetut tiedot ja vaatia virheellisten tietojen korjaamista. Asiakkaalla on oikeus vaatia tietojensa tuhoamista kolmen vuoden kuluttua tilatun ty\u00f6n valmistumisesta. Pyynn\u00f6n tietojen tarkastuksesta\/korjaamisesta\/tuhoamisesta voi tehd\u00e4 liikkeell\u00e4 paikanp\u00e4\u00e4ll\u00e4.<\/p>\n\n\n\n<h2 class=\"wp-block-heading\">Lis\u00e4tiedot<\/h2>\n\n\n\n<p>Asiakkaalla on oikeus kielt\u00e4\u00e4 tai peruuttaa h\u00e4nt\u00e4 koskevien tietojen k\u00e4ytt\u00f6 suoramarkkinoinnissa ja et\u00e4myynniss\u00e4, sek\u00e4 markkina- ja mielipidetutkimuksissa. <br><\/p>\n\n\n\n<h3 class=\"wp-block-heading\">Miten toimimme tietomurron tapahtuessa<\/h3>\n\n\n\n<p>Asiakkaiden tietoihin kohdistuvana uhkana voidaan pit\u00e4\u00e4 liikkeen tiloihin kohdistuvaa murtoa ja tietojen varastamista. Murron tapahtuessa asiasta tehd\u00e4\u00e4n rikosilmoitus ja tapahtumasta tiedotetaan yrityksen netti- ja sosiaalisenmedian sivuilla.  <\/p>\n\n\n\n<h3 class=\"wp-block-heading\">Keksit<\/h3>\n\n\n\n<p>Sivusto saattaa k\u00e4ytt\u00e4\u00e4 joitain keksej\u00e4, jotka mahdollistavat ja nopeuttavat sivuston k\u00e4ytt\u00f6\u00e4. <\/p>\n\n\n<p><!--EndFragment--><\/p>\n\n\n<div style=\"height:20px\" aria-hidden=\"true\" class=\"wp-block-spacer\"><\/div>\n\n\n\n<div class=\"wp-block-buttons aligncenter is-layout-flex wp-block-buttons-is-layout-flex\">\n<div class=\"wp-block-button\"><a class=\"wp-block-button__link\" href=\"https:\/\/www.karvari.fi\/\">Etusivulle<\/a><\/div>\n<\/div>\n","protected":false},"excerpt":{"rendered":"<p>Keit\u00e4 olemme Tervakosken parturi-kampaamo KarvariAnne, puh. 019-766 370 Y-tunnus: 1126966-2Verkkosivustomme osoite on: https:\/\/www.karvari.fi Mit\u00e4 henkil\u00f6tietoa ker\u00e4\u00e4mme ja miksi Asiakassuhteen solmimiseksi ja yll\u00e4pit\u00e4miseksi asiakkaasta tallennetaan seuraavat tiedot: henkil\u00f6n etu- ja sukunimi, puhelinnumero ja tiedot tilatusta\/tehdyst\u00e4 ty\u00f6st\u00e4. Henkil\u00f6tietojen k\u00e4sittelyn tarkoitus: asiakastietojen ja -suhteiden yll\u00e4pito, sek\u00e4 asiakkaiden tilausten ja tehtyjen t\u00f6iden k\u00e4sittely ja arkistointi. Tietoja voidaan k\u00e4ytt\u00e4\u00e4 my\u00f6s kohdennetun sis\u00e4ll\u00f6n ja mainonnan tuottamiseen ja tilastollisiin tarkoituksiin. Kenelle jaamme tietosi Asiakkaan tietoja ei luovuteta kolmansille osapuolille muutoin kuin viranomaisen m\u00e4\u00e4r\u00e4yksest\u00e4. Alaik\u00e4isten asiakkaiden tiedot voidaan luovuttaa asiakkaan huoltajille. Kuinka kauan ja miten s\u00e4ilyt\u00e4mme tietoa Asiakkaan tiedot ovat luottamuksellisia. Asiakastiedot s\u00e4ilytet\u00e4\u00e4n manuaalisina versioina lukitussa kaapissa. Asiakkailta ker\u00e4t\u00e4\u00e4n vain asiakassuhteen solmimista edellytt\u00e4v\u00e4 minimim\u00e4\u00e4r\u00e4 tietoa. Asiakastietoja s\u00e4ilytet\u00e4\u00e4n asiakassuhteen ajan tai enint\u00e4\u00e4n viisi vuotta, jonka j\u00e4lkeen asiakastietolomakkeet tuhotaan asianmukaisesti silputtuna h\u00e4vitt\u00e4en. Mit\u00e4 oikeuksia sinulla on omaan tietoosi Asiakkaalla on oikeus tarkastaa h\u00e4nt\u00e4 koskevat tallennetut tiedot ja vaatia virheellisten tietojen korjaamista. Asiakkaalla on oikeus vaatia tietojensa tuhoamista kolmen vuoden kuluttua tilatun ty\u00f6n valmistumisesta. Pyynn\u00f6n tietojen tarkastuksesta\/korjaamisesta\/tuhoamisesta voi tehd\u00e4 liikkeell\u00e4 paikanp\u00e4\u00e4ll\u00e4. Lis\u00e4tiedot Asiakkaalla on oikeus kielt\u00e4\u00e4 tai peruuttaa h\u00e4nt\u00e4 koskevien tietojen k\u00e4ytt\u00f6 suoramarkkinoinnissa ja et\u00e4myynniss\u00e4, sek\u00e4 markkina- ja mielipidetutkimuksissa. Miten toimimme tietomurron tapahtuessa Asiakkaiden tietoihin kohdistuvana uhkana voidaan pit\u00e4\u00e4 liikkeen tiloihin kohdistuvaa murtoa ja tietojen varastamista. Murron tapahtuessa asiasta tehd\u00e4\u00e4n rikosilmoitus ja tapahtumasta tiedotetaan yrityksen netti- ja sosiaalisenmedian sivuilla. Keksit Sivusto saattaa k\u00e4ytt\u00e4\u00e4 joitain keksej\u00e4, jotka mahdollistavat ja nopeuttavat sivuston k\u00e4ytt\u00f6\u00e4.<\/p>\n","protected":false},"author":1,"featured_media":0,"parent":0,"menu_order":0,"comment_status":"closed","ping_status":"open","template":"","meta":{"footnotes":""},"class_list":["post-3","page","type-page","status-publish","hentry"],"acf":[],"_links":{"self":[{"href":"https:\/\/www.karvari.fi\/index.php?rest_route=\/wp\/v2\/pages\/3","targetHints":{"allow":["GET"]}}],"collection":[{"href":"https:\/\/www.karvari.fi\/index.php?rest_route=\/wp\/v2\/pages"}],"about":[{"href":"https:\/\/www.karvari.fi\/index.php?rest_route=\/wp\/v2\/types\/page"}],"author":[{"embeddable":true,"href":"https:\/\/www.karvari.fi\/index.php?rest_route=\/wp\/v2\/users\/1"}],"replies":[{"embeddable":true,"href":"https:\/\/www.karvari.fi\/index.php?rest_route=%2Fwp%2Fv2%2Fcomments&post=3"}],"version-history":[{"count":5,"href":"https:\/\/www.karvari.fi\/index.php?rest_route=\/wp\/v2\/pages\/3\/revisions"}],"predecessor-version":[{"id":251,"href":"https:\/\/www.karvari.fi\/index.php?rest_route=\/wp\/v2\/pages\/3\/revisions\/251"}],"wp:attachment":[{"href":"https:\/\/www.karvari.fi\/index.php?rest_route=%2Fwp%2Fv2%2Fmedia&parent=3"}],"curies":[{"name":"wp","href":"https:\/\/api.w.org\/{rel}","templated":true}]}}